{"id":882,"date":"2025-05-25T23:18:47","date_gmt":"2025-05-25T23:18:47","guid":{"rendered":"http:\/\/localhost:8888\/wordpress_multi\/?page_id=882"},"modified":"2026-04-12T12:46:40","modified_gmt":"2026-04-12T12:46:40","slug":"882-2","status":"publish","type":"page","link":"https:\/\/casi-nacho.com\/it\/","title":{"rendered":""},"content":{"rendered":"<div class=\"wp-block-columns is-layout-flex wp-container-core-columns-is-layout-28f84493 wp-block-columns-is-layout-flex\">\n<div class=\"wp-block-column is-layout-flow wp-block-column-is-layout-flow\">\n<figure class=\"wp-block-image size-full\"><a href=\"\/go\"><img loading=\"lazy\" decoding=\"async\" width=\"300\" height=\"69\" src=\"https:\/\/casi-nacho.com\/wp-content\/uploads\/2026\/04\/logo_casinacho.png\" alt=\"Casinacho\" class=\"wp-image-1660\" srcset=\"https:\/\/casi-nacho.com\/wp-content\/uploads\/2026\/04\/logo_casinacho.png 300w, https:\/\/casi-nacho.com\/wp-content\/uploads\/2026\/04\/logo_casinacho-18x4.png 18w\" sizes=\"auto, (max-width: 300px) 100vw, 300px\" \/><\/a><\/figure>\n<\/div>\n\n\n\n<div class=\"wp-block-column is-layout-flow wp-block-column-is-layout-flow\">\n<div class=\"wp-block-buttons is-content-justification-right is-layout-flex wp-container-core-buttons-is-layout-d445cf74 wp-block-buttons-is-layout-flex\">\n<div class=\"wp-block-button\"><a class=\"wp-block-button__link has-palette-color-8-color has-palette-color-1-background-color has-text-color has-background has-link-color wp-element-button\" href=\"\/go\">Iscriviti<\/a><\/div>\n\n\n\n<div class=\"wp-block-button\"><a class=\"wp-block-button__link has-palette-color-1-color has-palette-color-4-background-color has-text-color has-background has-link-color wp-element-button\" href=\"\/go\">Attiva il bonus<\/a><\/div>\n<\/div>\n<\/div>\n<\/div>\n\n\n\n<figure class=\"wp-block-image aligncenter size-large\"><a href=\"\/go\"><img loading=\"lazy\" decoding=\"async\" width=\"1024\" height=\"332\" src=\"https:\/\/casi-nacho.com\/wp-content\/uploads\/2026\/04\/loyalty1-1024x332.jpg\" alt=\"Casinacho\" class=\"wp-image-1709\" srcset=\"https:\/\/casi-nacho.com\/wp-content\/uploads\/2026\/04\/loyalty1-1024x332.jpg 1024w, https:\/\/casi-nacho.com\/wp-content\/uploads\/2026\/04\/loyalty1-300x97.jpg 300w, https:\/\/casi-nacho.com\/wp-content\/uploads\/2026\/04\/loyalty1-768x249.jpg 768w, https:\/\/casi-nacho.com\/wp-content\/uploads\/2026\/04\/loyalty1-1536x497.jpg 1536w, https:\/\/casi-nacho.com\/wp-content\/uploads\/2026\/04\/loyalty1-2048x663.jpg 2048w, https:\/\/casi-nacho.com\/wp-content\/uploads\/2026\/04\/loyalty1-18x6.jpg 18w\" sizes=\"auto, (max-width: 1024px) 100vw, 1024px\" \/><\/a><\/figure>\n\n\n\n<div class=\"wp-block-columns is-layout-flex wp-container-core-columns-is-layout-28f84493 wp-block-columns-is-layout-flex\">\n<div class=\"wp-block-column is-layout-flow wp-block-column-is-layout-flow\">\n<div class=\"wp-block-columns is-layout-flex wp-container-core-columns-is-layout-28f84493 wp-block-columns-is-layout-flex\">\n<div class=\"wp-block-column is-layout-flow wp-block-column-is-layout-flow\">\n<figure class=\"wp-block-image aligncenter size-full is-resized is-style-rounded\"><a href=\"\/go\"><img loading=\"lazy\" decoding=\"async\" width=\"600\" height=\"600\" src=\"https:\/\/casi-nacho.com\/wp-content\/uploads\/2026\/04\/casinacho_intro.webp\" alt=\"Casinacho\" class=\"wp-image-1711\" style=\"width:415px;height:auto\" srcset=\"https:\/\/casi-nacho.com\/wp-content\/uploads\/2026\/04\/casinacho_intro.webp 600w, https:\/\/casi-nacho.com\/wp-content\/uploads\/2026\/04\/casinacho_intro-300x300.webp 300w, https:\/\/casi-nacho.com\/wp-content\/uploads\/2026\/04\/casinacho_intro-150x150.webp 150w, https:\/\/casi-nacho.com\/wp-content\/uploads\/2026\/04\/casinacho_intro-12x12.webp 12w\" sizes=\"auto, (max-width: 600px) 100vw, 600px\" \/><\/a><\/figure>\n<\/div>\n\n\n\n<div class=\"wp-block-column is-layout-flow wp-block-column-is-layout-flow\">\n<h1 class=\"wp-block-heading has-text-align-left\">Casinacho<\/h1>\n\n\n\n<h2 class=\"wp-block-heading has-medium-font-size\">Il miglior casin\u00f2 online dell'anno<\/h2>\n\n\n\n<p>Da quando ho iniziato a giocare online nel 2005, poche piattaforme mi hanno impressionato cos\u00ec rapidamente come Casinacho, ecco esattamente perch\u00e9! Abbiamo testato a fondo Casinacho e gli attribuiamo un forte 4.8\/5. Questa piattaforma \u00e8 stata lanciata nel 2025 e si \u00e8 gi\u00e0 affermata come una destinazione affidabile e ricca di funzionalit\u00e0 sia per i giocatori occasionali che per i veterani, grazie a una libreria di giochi impressionante, bonus solidi e supporto veloce.<\/p>\n\n\n\n<div class=\"wp-block-buttons is-content-justification-left is-layout-flex wp-container-core-buttons-is-layout-fc4fd283 wp-block-buttons-is-layout-flex\">\n<div class=\"wp-block-button\"><a class=\"wp-block-button__link wp-element-button\" href=\"\/go\">Gioca con un bonus<\/a><\/div>\n<\/div>\n<\/div>\n<\/div>\n<\/div>\n<\/div>\n\n\n\n<div class=\"wp-block-columns is-layout-flex wp-container-core-columns-is-layout-28f84493 wp-block-columns-is-layout-flex\">\n<div class=\"wp-block-column is-layout-flow wp-block-column-is-layout-flow\" style=\"padding-top:var(--wp--preset--spacing--30);padding-right:var(--wp--preset--spacing--40);padding-bottom:var(--wp--preset--spacing--30);padding-left:var(--wp--preset--spacing--40)\">\n<div class=\"wp-block-group is-layout-constrained wp-block-group-is-layout-constrained\">\n<p>Fondata nel 2025, Casinacho \u00e8 un casin\u00f2 online di nuova generazione costruito attorno a un design intuitivo, a un vasto catalogo di giochi e a un forte impegno per la sicurezza dei giocatori. Abbiamo sviluppato la piattaforma in modo che sia i visitatori alle prime armi che i giocatori esperti possano navigarla senza sforzo, sia da desktop che da mobile.<br><\/p>\n\n\n\n<figure class=\"wp-block-table\"><table class=\"has-fixed-layout\"><tbody><tr><td><strong>Caratteristica<\/strong><\/td><td><strong>Dettagli<\/strong><\/td><\/tr><tr><td>Fondata<\/td><td>2025<\/td><\/tr><tr><td>Giochi totali<\/td><td>6,000+<\/td><\/tr><tr><td>Fornitori<\/td><td>56 (Evoluzione, Pragmatic Play, Microgaming, BGaming\u2026)<\/td><\/tr><tr><td>Mobile<\/td><td>App PWA (iOS &amp; Android)<\/td><\/tr><tr><td>Supporto<\/td><td>Chat dal vivo 24\/7 e email<\/td><\/tr><tr><td>Lingue<\/td><td>Multilingue<\/td><\/tr><tr><td>Certificazioni<\/td><td>eCOGRA, iTech Labs, Gaming Labs International<\/td><\/tr><\/tbody><\/table><\/figure>\n\n\n\n<div class=\"wp-block-columns is-layout-flex wp-container-core-columns-is-layout-28f84493 wp-block-columns-is-layout-flex\">\n<div class=\"wp-block-column is-layout-flow wp-block-column-is-layout-flow\">\n<h2 class=\"wp-block-heading\">\u2705 Vantaggi<\/h2>\n\n\n\n<ul class=\"wp-block-list\">\n<li>Oltre 6.000 giochi disponibili<\/li>\n\n\n\n<li>Generoso pacchetto di benvenuto fino a \u20ac1.500 + 250 giri gratuiti<\/li>\n\n\n\n<li>Prelievi rapidi (in soli 1 ora)<\/li>\n\n\n\n<li>Programma di fedelt\u00e0 VIP a 4 livelli<\/li>\n\n\n\n<li>Nessuna commissione su depositi o prelievi<\/li>\n\n\n\n<li>Assistenza clienti multilingue 24\/7<\/li>\n\n\n\n<li>Crittografia TLS 1.3 e giochi certificati eCOGRA<\/li>\n<\/ul>\n<\/div>\n\n\n\n<div class=\"wp-block-column is-layout-flow wp-block-column-is-layout-flow\">\n<h2 class=\"wp-block-heading\">\u274c Svantaggi<\/h2>\n\n\n\n<ul class=\"wp-block-list\">\n<li>Piattaforma relativamente nuova (fondata nel 2025)<\/li>\n\n\n\n<li>I bonifici bancari possono richiedere fino a 5 giorni lavorativi<\/li>\n\n\n\n<li>La valuta non pu\u00f2 essere cambiata dopo la registrazione<\/li>\n\n\n\n<li>Il Club VIP si sblocca solo dal livello Oro<\/li>\n<\/ul>\n<\/div>\n<\/div>\n\n\n\n<div class=\"wp-block-buttons is-content-justification-center is-layout-flex wp-container-core-buttons-is-layout-a89b3969 wp-block-buttons-is-layout-flex\">\n<div class=\"wp-block-button\"><a class=\"wp-block-button__link wp-element-button\" href=\"\/go\">Gioca ora<\/a><\/div>\n<\/div>\n\n\n\n<h2 class=\"wp-block-heading has-text-align-center\">Bonus e promozioni su Casinacho<\/h2>\n\n\n\n<figure class=\"wp-block-image aligncenter size-large\"><a href=\"\/go\"><img loading=\"lazy\" decoding=\"async\" width=\"1024\" height=\"477\" src=\"https:\/\/casi-nacho.com\/wp-content\/uploads\/2026\/04\/bonus-1-1024x477.jpg\" alt=\"Casinacho\" class=\"wp-image-1661\" srcset=\"https:\/\/casi-nacho.com\/wp-content\/uploads\/2026\/04\/bonus-1-1024x477.jpg 1024w, https:\/\/casi-nacho.com\/wp-content\/uploads\/2026\/04\/bonus-1-300x140.jpg 300w, https:\/\/casi-nacho.com\/wp-content\/uploads\/2026\/04\/bonus-1-768x358.jpg 768w, https:\/\/casi-nacho.com\/wp-content\/uploads\/2026\/04\/bonus-1-1536x715.jpg 1536w, https:\/\/casi-nacho.com\/wp-content\/uploads\/2026\/04\/bonus-1-2048x954.jpg 2048w, https:\/\/casi-nacho.com\/wp-content\/uploads\/2026\/04\/bonus-1-18x8.jpg 18w\" sizes=\"auto, (max-width: 1024px) 100vw, 1024px\" \/><\/a><\/figure>\n\n\n\n<p>Consideriamo la nostra offerta promozionale come una delle pi\u00f9 competitive sul mercato attualmente, progettata per premiare i giocatori in ogni fase del loro percorso, dal primo deposito alla fedelt\u00e0 a lungo termine. I nuovi giocatori beneficiano di un pacchetto di benvenuto del valore fino a <strong>\u20ac1.500 + 250 giri gratuiti<\/strong>, distribuiti su pi\u00f9 depositi, con giri gratuiti inclusi su titoli selezionati ad ogni passo.<\/p>\n\n\n\n<figure class=\"wp-block-table\"><table class=\"has-fixed-layout\"><tbody><tr><td><strong>Bonus<\/strong><\/td><td><strong>Dettagli<\/strong><\/td><\/tr><tr><td>Bonus sul 1\u00b0 deposito<\/td><td>100% fino a \u20ac500 + 50 Giri Gratuiti<\/td><\/tr><tr><td>Bonus sul 2\u00b0 deposito<\/td><td>100% fino a \u20ac1.000 + 1 Giro Bonus<\/td><\/tr><tr><td>Bonus sul 3\u00b0 deposito<\/td><td>75% fino a \u20ac1.500 + 1 Giro Bonus<\/td><\/tr><tr><td>Cashback settimanale<\/td><td>Fino a 25% di perdite settimanali<\/td><\/tr><tr><td>Ricarica della Domenica<\/td><td>25% fino a \u20ac100\u2013\u20ac300 a seconda del livello<\/td><\/tr><tr><td>Rakeback<\/td><td>Fino a 18% restituiti sulle scommesse<\/td><\/tr><tr><td>Tornei<\/td><td>Premi giornalieri e settimanali fino a $18.000.000<\/td><\/tr><\/tbody><\/table><\/figure>\n\n\n\n<h2 class=\"wp-block-heading has-text-align-center\">Giochi Casinacho<\/h2>\n\n\n\n<p>Con oltre 6.000 titoli di 56 fornitori certificati, la nostra libreria copre ogni tipo di preferenza dei giocatori, dalle slot ad alta volatilit\u00e0 ai tavoli dal vivo immersivi e ai giochi istantanei ultra-veloci.<\/p>\n<\/div>\n<\/div>\n<\/div>\n\n\n\n<div class=\"wp-block-group is-layout-constrained wp-block-group-is-layout-constrained\">\n<div class=\"wp-block-columns is-layout-flex wp-container-core-columns-is-layout-28f84493 wp-block-columns-is-layout-flex\">\n<div class=\"wp-block-column is-layout-flow wp-block-column-is-layout-flow\">\n<figure class=\"wp-block-image size-large\"><a href=\"\/go\"><img loading=\"lazy\" decoding=\"async\" width=\"1024\" height=\"587\" src=\"https:\/\/casi-nacho.com\/wp-content\/uploads\/2026\/04\/slots-1024x587.jpeg\" alt=\"Slot machine\" class=\"wp-image-1680\" srcset=\"https:\/\/casi-nacho.com\/wp-content\/uploads\/2026\/04\/slots-1024x587.jpeg 1024w, https:\/\/casi-nacho.com\/wp-content\/uploads\/2026\/04\/slots-300x172.jpeg 300w, https:\/\/casi-nacho.com\/wp-content\/uploads\/2026\/04\/slots-768x441.jpeg 768w, https:\/\/casi-nacho.com\/wp-content\/uploads\/2026\/04\/slots-1536x881.jpeg 1536w, https:\/\/casi-nacho.com\/wp-content\/uploads\/2026\/04\/slots-2048x1175.jpeg 2048w, https:\/\/casi-nacho.com\/wp-content\/uploads\/2026\/04\/slots-18x10.jpeg 18w\" sizes=\"auto, (max-width: 1024px) 100vw, 1024px\" \/><\/a><\/figure>\n<\/div>\n\n\n\n<div class=\"wp-block-column is-layout-flow wp-block-column-is-layout-flow\">\n<h3 class=\"wp-block-heading\">Slot machine<\/h3>\n\n\n\n<p>Offriamo centinaia di slot che vanno dai titoli classici alle complesse meccaniche Megaways, con punti salienti tra cui Book of the Fallen, Buffalo Trail e Coin Strike Hold and Win, c'\u00e8 davvero qualcosa per ogni gusto e budget.<\/p>\n\n\n\n<div class=\"wp-block-buttons is-content-justification-left is-layout-flex wp-container-core-buttons-is-layout-fc4fd283 wp-block-buttons-is-layout-flex\">\n<div class=\"wp-block-button\"><a class=\"wp-block-button__link wp-element-button\" href=\"\/go\">Attiva il bonus esclusivo<\/a><\/div>\n<\/div>\n<\/div>\n<\/div>\n\n\n\n<div class=\"wp-block-columns is-layout-flex wp-container-core-columns-is-layout-28f84493 wp-block-columns-is-layout-flex\">\n<div class=\"wp-block-column is-layout-flow wp-block-column-is-layout-flow\">\n<figure class=\"wp-block-image size-large\"><a href=\"\/go\"><img loading=\"lazy\" decoding=\"async\" width=\"1024\" height=\"587\" src=\"https:\/\/casi-nacho.com\/wp-content\/uploads\/2026\/04\/instant-1024x587.jpg\" alt=\"Giochi istantanei\" class=\"wp-image-1684\" srcset=\"https:\/\/casi-nacho.com\/wp-content\/uploads\/2026\/04\/instant-1024x587.jpg 1024w, https:\/\/casi-nacho.com\/wp-content\/uploads\/2026\/04\/instant-300x172.jpg 300w, https:\/\/casi-nacho.com\/wp-content\/uploads\/2026\/04\/instant-768x440.jpg 768w, https:\/\/casi-nacho.com\/wp-content\/uploads\/2026\/04\/instant-1536x880.jpg 1536w, https:\/\/casi-nacho.com\/wp-content\/uploads\/2026\/04\/instant-2048x1173.jpg 2048w, https:\/\/casi-nacho.com\/wp-content\/uploads\/2026\/04\/instant-18x10.jpg 18w\" sizes=\"auto, (max-width: 1024px) 100vw, 1024px\" \/><\/a><\/figure>\n<\/div>\n\n\n\n<div class=\"wp-block-column is-layout-flow wp-block-column-is-layout-flow\">\n<h3 class=\"wp-block-heading\">Mini-giochi<\/h3>\n\n\n\n<p>Per i giocatori che amano sessioni veloci e adatte ai dispositivi mobili, la nostra categoria di giochi istantanei offre titoli come Golden Plinko, Aviamasters e Jackpot Mines, tutti completabili in 30-60 secondi, perfetti per il gioco in movimento.<\/p>\n\n\n\n<div class=\"wp-block-buttons is-content-justification-left is-layout-flex wp-container-core-buttons-is-layout-fc4fd283 wp-block-buttons-is-layout-flex\">\n<div class=\"wp-block-button\"><a class=\"wp-block-button__link wp-element-button\" href=\"\/go\">Attiva il bonus esclusivo<\/a><\/div>\n<\/div>\n<\/div>\n<\/div>\n\n\n\n<div class=\"wp-block-columns is-layout-flex wp-container-core-columns-is-layout-28f84493 wp-block-columns-is-layout-flex\">\n<div class=\"wp-block-column is-layout-flow wp-block-column-is-layout-flow\">\n<figure class=\"wp-block-image size-large\"><a href=\"\/go\"><img loading=\"lazy\" decoding=\"async\" width=\"1024\" height=\"599\" src=\"https:\/\/casi-nacho.com\/wp-content\/uploads\/2026\/04\/table-1024x599.jpg\" alt=\"Giochi da tavolo\" class=\"wp-image-1681\" srcset=\"https:\/\/casi-nacho.com\/wp-content\/uploads\/2026\/04\/table-1024x599.jpg 1024w, https:\/\/casi-nacho.com\/wp-content\/uploads\/2026\/04\/table-300x176.jpg 300w, https:\/\/casi-nacho.com\/wp-content\/uploads\/2026\/04\/table-768x450.jpg 768w, https:\/\/casi-nacho.com\/wp-content\/uploads\/2026\/04\/table-1536x899.jpg 1536w, https:\/\/casi-nacho.com\/wp-content\/uploads\/2026\/04\/table-2048x1199.jpg 2048w, https:\/\/casi-nacho.com\/wp-content\/uploads\/2026\/04\/table-18x12.jpg 18w\" sizes=\"auto, (max-width: 1024px) 100vw, 1024px\" \/><\/a><\/figure>\n<\/div>\n\n\n\n<div class=\"wp-block-column is-layout-flow wp-block-column-is-layout-flow\">\n<h3 class=\"wp-block-heading\">Giochi da tavolo<\/h3>\n\n\n\n<p>La nostra sezione di giochi da tavolo presenta pi\u00f9 varianti di blackjack, roulette, baccarat e poker, con Casino Hold\u2019em che si classifica costantemente tra i titoli pi\u00f9 giocati sulla piattaforma.<\/p>\n\n\n\n<div class=\"wp-block-buttons is-content-justification-left is-layout-flex wp-container-core-buttons-is-layout-fc4fd283 wp-block-buttons-is-layout-flex\">\n<div class=\"wp-block-button\"><a class=\"wp-block-button__link wp-element-button\" href=\"\/go\">Attiva il bonus esclusivo<\/a><\/div>\n<\/div>\n<\/div>\n<\/div>\n\n\n\n<h2 class=\"wp-block-heading has-text-align-center\">Metodi di pagamento su Casinacho<\/h2>\n\n\n\n<p>Offriamo una vasta gamma di opzioni di pagamento veloci e senza commissioni per soddisfare ogni tipo di giocatore:<\/p>\n\n\n\n<figure class=\"wp-block-table\"><table class=\"has-fixed-layout\"><tbody><tr><td><strong>Metodo<\/strong><\/td><td><strong>Tipo<\/strong><\/td><td><strong>Deposito<\/strong><\/td><td><strong>Prelievo<\/strong><\/td><\/tr><tr><td>Visa \/ Mastercard<\/td><td>Carta<\/td><td>Istantaneo<\/td><td>Fino a 3 giorni<\/td><\/tr><tr><td>Skrill \/ Neteller \/ Jeton<\/td><td>E-wallet<\/td><td>Istantaneo<\/td><td>Alcune ore<\/td><\/tr><tr><td>Bitcoin, Ethereum, Litecoin, Dogecoin<\/td><td>Crypto<\/td><td>Istantaneo<\/td><td>Alcune ore<\/td><\/tr><tr><td>Bonifico Bancario<\/td><td>Banca<\/td><td>Istantaneo<\/td><td>Fino a 5 giorni lavorativi<\/td><\/tr><\/tbody><\/table><\/figure>\n\n\n\n<div class=\"wp-block-group is-layout-constrained wp-block-group-is-layout-constrained\">\n<div class=\"wp-block-buttons is-content-justification-center is-layout-flex wp-container-core-buttons-is-layout-a89b3969 wp-block-buttons-is-layout-flex\">\n<div class=\"wp-block-button\"><a class=\"wp-block-button__link wp-element-button\" href=\"\/go\">Deposita ora<\/a><\/div>\n<\/div>\n\n\n\n<h2 class=\"wp-block-heading has-text-align-center\">Gioco responsabile su Casinacho<\/h2>\n\n\n\n<p>Giocare su Casinacho significa giocare con controllo. Forniamo un'ampia gamma di strumenti per il gioco responsabile direttamente accessibili dalla tua dashboard dell'account, inclusi limiti di deposito, limiti di perdita, limiti di tempo di sessione, limiti di scommessa, periodi di raffreddamento e autoesclusione. Se senti che le tue abitudini di gioco stanno diventando difficili da gestire, ti incoraggiamo fortemente a utilizzare questi strumenti o a contattare organizzazioni di supporto riconosciute come Gamblers Anonymous o Gambling Therapy.<\/p>\n\n\n\n<div class=\"wp-block-columns is-layout-flex wp-container-core-columns-is-layout-28f84493 wp-block-columns-is-layout-flex\">\n<div class=\"wp-block-column is-layout-flow wp-block-column-is-layout-flow\">\n<figure class=\"wp-block-image aligncenter size-full is-resized is-style-rounded\"><img loading=\"lazy\" decoding=\"async\" width=\"600\" height=\"600\" src=\"https:\/\/casi-nacho.com\/wp-content\/uploads\/2026\/04\/cashback.webp\" alt=\"Casinacho\" class=\"wp-image-1719\" style=\"width:432px;height:auto\" srcset=\"https:\/\/casi-nacho.com\/wp-content\/uploads\/2026\/04\/cashback.webp 600w, https:\/\/casi-nacho.com\/wp-content\/uploads\/2026\/04\/cashback-300x300.webp 300w, https:\/\/casi-nacho.com\/wp-content\/uploads\/2026\/04\/cashback-150x150.webp 150w, https:\/\/casi-nacho.com\/wp-content\/uploads\/2026\/04\/cashback-12x12.webp 12w\" sizes=\"auto, (max-width: 600px) 100vw, 600px\" \/><\/figure>\n<\/div>\n\n\n\n<div class=\"wp-block-column is-layout-flow wp-block-column-is-layout-flow\">\n<h2 class=\"wp-block-heading has-text-align-left\">La nostra opinione sul programma VIP di Casinacho<\/h2>\n\n\n\n<p>Casinacho gestisce un programma di fedelt\u00e0 strutturato in quattro livelli che premia i giocatori attivi in modo progressivo con cashback, rakeback, bonus esclusivi e supporto dedicato.<\/p>\n\n\n\n<ul class=\"wp-block-list\">\n<li><strong>Bronzo<\/strong>: Livello di ingresso, accesso a premi di giri gratuiti e ruota della fedelt\u00e0<\/li>\n\n\n\n<li><strong>Argento<\/strong> (1.500 WP), 1% aumento di cashback, rakeback mensile a 2%, \u20ac105 premio bonus totale<\/li>\n\n\n\n<li><strong>Oro <\/strong>(11.000 WP + \u20ac500 DP): Club VIP sbloccato, manager personale da Gold 2, fino a 5% rakeback istantaneo, \u20ac4.300 premio bonus totale<\/li>\n\n\n\n<li><strong>Platino:<\/strong> (800.000 WP + \u20ac35.000 DP): 5% cashback su slot, 8% rakeback istantaneo, prelievi prioritari, linea dedicata 24\/7, \u20ac10.000 premio bonus totale<\/li>\n<\/ul>\n\n\n\n<div class=\"wp-block-buttons is-content-justification-center is-layout-flex wp-container-core-buttons-is-layout-a89b3969 wp-block-buttons-is-layout-flex\">\n<div class=\"wp-block-button\"><a class=\"wp-block-button__link wp-element-button\" href=\"\/go\">Usa il Programma VIP<\/a><\/div>\n<\/div>\n<\/div>\n<\/div>\n<\/div>\n<\/div>\n\n\n\n<p><em>Casinacho \u00e8 un gioco d'azzardo nel quale \u00e8 impossibile prevedere i risultati. Tutti i risultati sono generati casualmente attraverso un algoritmo RNG certificato, garantendo che ogni round sia indipendente e imprevedibile. Casinacho promuove il gioco responsabile offrendo formati di sessione brevi e accesso completo alla tua cronologia delle scommesse in qualsiasi momento. Casinacho \u00e8 un gioco d'azzardo. Devi giocare responsabilmente, scommettendo solo ci\u00f2 che puoi permetterti di perdere. Il gioco d'azzardo non dovrebbe mai essere considerato una soluzione a difficolt\u00e0 finanziarie. Non siamo responsabili per eventuali perdite finanziarie subite durante le tue sessioni di gioco su Casinacho.<\/em><\/p>","protected":false},"excerpt":{"rendered":"<p>Casinacho The best online casino of the year Since I started playing online in 2005, few platforms have impressed me as quickly as Casinacho, and here&#8217;s exactly why! We&#8217;ve thoroughly tested Casinacho and we&#8217;re awarding it a strong 4.8\/5. This platform launched in 2025 and has already established itself as a reliable, feature-rich destination for [&hellip;]<\/p>\n","protected":false},"author":2,"featured_media":1684,"parent":0,"menu_order":0,"comment_status":"closed","ping_status":"closed","template":"","meta":{"footnotes":""},"class_list":["post-882","page","type-page","status-publish","has-post-thumbnail","hentry"],"blocksy_meta":{"disable_share_box":"yes","disable_header":"yes","disable_footer":"yes","styles_descriptor":{"styles":{"desktop":"[data-prefix=\"single_page\"] .entry-header .page-title {--theme-font-size:30px;} [data-prefix=\"single_page\"] .entry-header .entry-meta {--theme-font-weight:600;--theme-text-transform:uppercase;--theme-font-size:12px;--theme-line-height:1.3;} [data-prefix=\"single_page\"] {background-color:var(--theme-palette-color-1);background-image:none;}","tablet":"","mobile":""},"google_fonts":[],"version":6},"has_hero_section":"enabled","background":{"background_type":"color","background_pattern":"type-1","background_image":{"attachment_id":null,"x":0,"y":0},"gradient":"linear-gradient(178deg,rgb(0,0,0) 0%,rgb(0,30,74) 100%)","background_repeat":"repeat","background_size":"auto","background_attachment":"scroll","patternColor":{"default":{"color":"#e5e7ea"}},"overlayColor":{"default":{"color":"CT_CSS_SKIP_RULE"}},"backgroundColor":{"default":{"color":"var(--theme-palette-color-1)"}}},"vertical_spacing_source":"inherit"},"_links":{"self":[{"href":"https:\/\/casi-nacho.com\/it\/wp-json\/wp\/v2\/pages\/882","targetHints":{"allow":["GET"]}}],"collection":[{"href":"https:\/\/casi-nacho.com\/it\/wp-json\/wp\/v2\/pages"}],"about":[{"href":"https:\/\/casi-nacho.com\/it\/wp-json\/wp\/v2\/types\/page"}],"author":[{"embeddable":true,"href":"https:\/\/casi-nacho.com\/it\/wp-json\/wp\/v2\/users\/2"}],"replies":[{"embeddable":true,"href":"https:\/\/casi-nacho.com\/it\/wp-json\/wp\/v2\/comments?post=882"}],"version-history":[{"count":219,"href":"https:\/\/casi-nacho.com\/it\/wp-json\/wp\/v2\/pages\/882\/revisions"}],"predecessor-version":[{"id":1724,"href":"https:\/\/casi-nacho.com\/it\/wp-json\/wp\/v2\/pages\/882\/revisions\/1724"}],"wp:featuredmedia":[{"embeddable":true,"href":"https:\/\/casi-nacho.com\/it\/wp-json\/wp\/v2\/media\/1684"}],"wp:attachment":[{"href":"https:\/\/casi-nacho.com\/it\/wp-json\/wp\/v2\/media?parent=882"}],"curies":[{"name":"wp","href":"https:\/\/api.w.org\/{rel}","templated":true}]}}